{"id":246,"date":"2015-12-06T00:23:34","date_gmt":"2015-12-05T23:23:34","guid":{"rendered":"http:\/\/fjellfras.com\/konstanze\/about-me\/?lang=de"},"modified":"2016-02-17T13:47:59","modified_gmt":"2016-02-17T12:47:59","slug":"about-me","status":"publish","type":"page","link":"https:\/\/showcalling.com\/de\/about-me\/","title":{"rendered":"\u00dcber mich"},"content":{"rendered":"<p><img loading=\"lazy\" decoding=\"async\" class=\"alignright wp-image-112\" src=\"http:\/\/showcalling.com\/wp-content\/uploads\/2015\/11\/agatz.jpg\" alt=\"Konstanze Agatz - Show Calling\" width=\"400\" height=\"533\" \/><br \/>\nIch liebe meine Arbeit, aber es gibt noch mehr Dinge, f\u00fcr die ich brenne:<\/p>\n<h3>Musik<\/h3>\n<p>Zum Beispiel Musik. Ich spiele Saxophon und liebe alle Arten von Musik.<\/p>\n<h3>Reisen<\/h3>\n<p>Ich reise viel und kann es nicht lassen, neue L\u00e4nder zu entdecken.<\/p>\n<h3>Sprachen<\/h3>\n<p>Alles, was man \u00fcber andere Kulturen erfahren kann, macht mich gl\u00fccklich. Fremdsprachen helfen mir dabei, mehr \u00fcber Andere\u00a0zu erfahren.<\/p>\n<h3>Sport<\/h3>\n<p>Ich habe Skifahren gelernt, als ich drei war und ohne geht es leider nicht&#8230; Die anderen Jahreszeiten f\u00fclle ich mit Wassersport\u00a0wie Tauchen und Segeln. Ausserdem mag ich Yoga und Tanz. Und ich bin leidenschaftlicher Fu\u00dfball-Fan.<\/p>\n<h3>CV<\/h3>\n<h2>2006\u00a0-\u00ad\u00a0heute<\/h2>\n<p><strong>koma* KOMMUNIKATION + MARKETING (freelancer)<br \/>\n<\/strong>Schwerpunkt auf Internationales Showcalling (Inspizienz), Ablaufregie, Konzeption, Beratung, Content Management, Regie und Producing.<\/p>\n<h2>2003\u00a0-\u00ad\u00a02006<\/h2>\n<p><strong>kogag Bremshey &amp; Domning GmbH, Eventagentur, Berlin<\/strong><br \/>\n(B\u00fcroleitung, 8-10 Angestellte; zuvor Senior Project Manager)<\/p>\n<h2>2001\u00a0-\u00ad\u00a02003<\/h2>\n<p><strong>kogag Bremshey &amp; Domning GmbH, Eventagentur, Hauptsitz Solingen<\/strong><br \/>\n(Project Manager und Senior Project Manager)<\/p>\n<h2>1998 &#8211; 2001<\/h2>\n<p><strong>Grolman.Result GmbH,\u00a0Beratung, Frankfurt\/Main<\/strong><br \/>\n(Senior Project Manager f\u00fcr PR, Reputation Management, Corporate Design Entwicklung, Relationship Consultung und Event\u00a0Marketing.)<\/p>\n<h2>1998<\/h2>\n<p><strong>Gore-\u00adTex GmbH, Shanghai, Product Marketing<\/strong><br \/>\n(Product Manager)<\/p>\n<h2>1995\u00a0-\u00ad 1998<\/h2>\n<p><strong>International Business Economics<\/strong><br \/>\nAMA und\u00a0IBS Lippstadt<br \/>\nAbschluss: Diplom in European Business Administration (DEBA)<\/p>\n","protected":false},"excerpt":{"rendered":"<p>Ich liebe meine Arbeit, aber es gibt noch mehr Dinge, f\u00fcr die ich brenne: Musik Zum Beispiel Musik. Ich spiele Saxophon und liebe alle Arten von Musik. Reisen Ich reise viel und kann es nicht lassen, neue L\u00e4nder zu entdecken. Sprachen Alles, was man \u00fcber andere Kulturen erfahren kann, macht mich gl\u00fccklich. Fremdsprachen helfen mir &hellip; <a href=\"https:\/\/showcalling.com\/de\/about-me\/\" class=\"more-link\"><span class=\"screen-reader-text\">\u00dcber mich<\/span> weiterlesen<\/a><\/p>\n","protected":false},"author":1,"featured_media":0,"parent":0,"menu_order":0,"comment_status":"closed","ping_status":"closed","template":"","meta":{"footnotes":""},"yoast_head":"<!-- This site is optimized with the Yoast SEO plugin v21.9.1 - https:\/\/yoast.com\/wordpress\/plugins\/seo\/ -->\n<title>\u00dcber mich - Konstanze Agatz-Kr\u00f6ger | Show Calling - Show Production - Content Management<\/title>\n<meta name=\"robots\" content=\"index, follow, max-snippet:-1, max-image-preview:large, max-video-preview:-1\" \/>\n<link rel=\"canonical\" href=\"https:\/\/showcalling.com\/de\/about-me\/\" \/>\n<meta property=\"og:locale\" content=\"de_DE\" \/>\n<meta property=\"og:type\" content=\"article\" \/>\n<meta property=\"og:title\" content=\"\u00dcber mich - Konstanze Agatz-Kr\u00f6ger | Show Calling - Show Production - Content Management\" \/>\n<meta property=\"og:description\" content=\"Ich liebe meine Arbeit, aber es gibt noch mehr Dinge, f\u00fcr die ich brenne: Musik Zum Beispiel Musik. Ich spiele Saxophon und liebe alle Arten von Musik. Reisen Ich reise viel und kann es nicht lassen, neue L\u00e4nder zu entdecken. Sprachen Alles, was man \u00fcber andere Kulturen erfahren kann, macht mich gl\u00fccklich. Fremdsprachen helfen mir &hellip; \u00dcber mich weiterlesen\" \/>\n<meta property=\"og:url\" content=\"https:\/\/showcalling.com\/de\/about-me\/\" \/>\n<meta property=\"og:site_name\" content=\"Konstanze Agatz-Kr\u00f6ger | Show Calling - Show Production - Content Management\" \/>\n<meta property=\"article:modified_time\" content=\"2016-02-17T12:47:59+00:00\" \/>\n<meta property=\"og:image\" content=\"http:\/\/showcalling.com\/wp-content\/uploads\/2015\/11\/agatz.jpg\" \/>\n<meta name=\"twitter:card\" content=\"summary_large_image\" \/>\n<meta name=\"twitter:label1\" content=\"Gesch\u00e4tzte Lesezeit\" \/>\n\t<meta name=\"twitter:data1\" content=\"1\u00a0Minute\" \/>\n<script type=\"application\/ld+json\" class=\"yoast-schema-graph\">{\"@context\":\"https:\/\/schema.org\",\"@graph\":[{\"@type\":\"WebPage\",\"@id\":\"https:\/\/showcalling.com\/de\/about-me\/\",\"url\":\"https:\/\/showcalling.com\/de\/about-me\/\",\"name\":\"\u00dcber mich - Konstanze Agatz-Kr\u00f6ger | Show Calling - Show Production - Content Management\",\"isPartOf\":{\"@id\":\"https:\/\/showcalling.com\/#website\"},\"datePublished\":\"2015-12-05T23:23:34+00:00\",\"dateModified\":\"2016-02-17T12:47:59+00:00\",\"breadcrumb\":{\"@id\":\"https:\/\/showcalling.com\/de\/about-me\/#breadcrumb\"},\"inLanguage\":\"de\",\"potentialAction\":[{\"@type\":\"ReadAction\",\"target\":[\"https:\/\/showcalling.com\/de\/about-me\/\"]}]},{\"@type\":\"BreadcrumbList\",\"@id\":\"https:\/\/showcalling.com\/de\/about-me\/#breadcrumb\",\"itemListElement\":[{\"@type\":\"ListItem\",\"position\":1,\"name\":\"Home\",\"item\":\"https:\/\/showcalling.com\/de\/\"},{\"@type\":\"ListItem\",\"position\":2,\"name\":\"\u00dcber mich\"}]},{\"@type\":\"WebSite\",\"@id\":\"https:\/\/showcalling.com\/#website\",\"url\":\"https:\/\/showcalling.com\/\",\"name\":\"Konstanze Agatz-Kr\u00f6ger | Show Calling - Show Production - Content Management\",\"description\":\"\",\"potentialAction\":[{\"@type\":\"SearchAction\",\"target\":{\"@type\":\"EntryPoint\",\"urlTemplate\":\"https:\/\/showcalling.com\/?s={search_term_string}\"},\"query-input\":\"required name=search_term_string\"}],\"inLanguage\":\"de\"}]}<\/script>\n<!-- \/ Yoast SEO plugin. -->","yoast_head_json":{"title":"\u00dcber mich - Konstanze Agatz-Kr\u00f6ger | Show Calling - Show Production - Content Management","robots":{"index":"index","follow":"follow","max-snippet":"max-snippet:-1","max-image-preview":"max-image-preview:large","max-video-preview":"max-video-preview:-1"},"canonical":"https:\/\/showcalling.com\/de\/about-me\/","og_locale":"de_DE","og_type":"article","og_title":"\u00dcber mich - Konstanze Agatz-Kr\u00f6ger | Show Calling - Show Production - Content Management","og_description":"Ich liebe meine Arbeit, aber es gibt noch mehr Dinge, f\u00fcr die ich brenne: Musik Zum Beispiel Musik. Ich spiele Saxophon und liebe alle Arten von Musik. Reisen Ich reise viel und kann es nicht lassen, neue L\u00e4nder zu entdecken. Sprachen Alles, was man \u00fcber andere Kulturen erfahren kann, macht mich gl\u00fccklich. Fremdsprachen helfen mir &hellip; \u00dcber mich weiterlesen","og_url":"https:\/\/showcalling.com\/de\/about-me\/","og_site_name":"Konstanze Agatz-Kr\u00f6ger | Show Calling - Show Production - Content Management","article_modified_time":"2016-02-17T12:47:59+00:00","og_image":[{"url":"http:\/\/showcalling.com\/wp-content\/uploads\/2015\/11\/agatz.jpg"}],"twitter_card":"summary_large_image","twitter_misc":{"Gesch\u00e4tzte Lesezeit":"1\u00a0Minute"},"schema":{"@context":"https:\/\/schema.org","@graph":[{"@type":"WebPage","@id":"https:\/\/showcalling.com\/de\/about-me\/","url":"https:\/\/showcalling.com\/de\/about-me\/","name":"\u00dcber mich - Konstanze Agatz-Kr\u00f6ger | Show Calling - Show Production - Content Management","isPartOf":{"@id":"https:\/\/showcalling.com\/#website"},"datePublished":"2015-12-05T23:23:34+00:00","dateModified":"2016-02-17T12:47:59+00:00","breadcrumb":{"@id":"https:\/\/showcalling.com\/de\/about-me\/#breadcrumb"},"inLanguage":"de","potentialAction":[{"@type":"ReadAction","target":["https:\/\/showcalling.com\/de\/about-me\/"]}]},{"@type":"BreadcrumbList","@id":"https:\/\/showcalling.com\/de\/about-me\/#breadcrumb","itemListElement":[{"@type":"ListItem","position":1,"name":"Home","item":"https:\/\/showcalling.com\/de\/"},{"@type":"ListItem","position":2,"name":"\u00dcber mich"}]},{"@type":"WebSite","@id":"https:\/\/showcalling.com\/#website","url":"https:\/\/showcalling.com\/","name":"Konstanze Agatz-Kr\u00f6ger | Show Calling - Show Production - Content Management","description":"","potentialAction":[{"@type":"SearchAction","target":{"@type":"EntryPoint","urlTemplate":"https:\/\/showcalling.com\/?s={search_term_string}"},"query-input":"required name=search_term_string"}],"inLanguage":"de"}]}},"_links":{"self":[{"href":"https:\/\/showcalling.com\/de\/wp-json\/wp\/v2\/pages\/246"}],"collection":[{"href":"https:\/\/showcalling.com\/de\/wp-json\/wp\/v2\/pages"}],"about":[{"href":"https:\/\/showcalling.com\/de\/wp-json\/wp\/v2\/types\/page"}],"author":[{"embeddable":true,"href":"https:\/\/showcalling.com\/de\/wp-json\/wp\/v2\/users\/1"}],"replies":[{"embeddable":true,"href":"https:\/\/showcalling.com\/de\/wp-json\/wp\/v2\/comments?post=246"}],"version-history":[{"count":5,"href":"https:\/\/showcalling.com\/de\/wp-json\/wp\/v2\/pages\/246\/revisions"}],"predecessor-version":[{"id":303,"href":"https:\/\/showcalling.com\/de\/wp-json\/wp\/v2\/pages\/246\/revisions\/303"}],"wp:attachment":[{"href":"https:\/\/showcalling.com\/de\/wp-json\/wp\/v2\/media?parent=246"}],"curies":[{"name":"wp","href":"https:\/\/api.w.org\/{rel}","templated":true}]}}