{"id":264,"date":"2015-12-01T23:18:49","date_gmt":"2015-12-01T22:18:49","guid":{"rendered":"http:\/\/fjellfras.com\/konstanze\/home\/?lang=de"},"modified":"2022-08-23T11:56:28","modified_gmt":"2022-08-23T09:56:28","slug":"home","status":"publish","type":"page","link":"https:\/\/showcalling.com\/de\/","title":{"rendered":"Konstanze Agatz-Kr\u00f6ger | Show Calling | Live Event Regie"},"content":{"rendered":"","protected":false},"excerpt":{"rendered":"","protected":false},"author":1,"featured_media":0,"parent":0,"menu_order":0,"comment_status":"closed","ping_status":"closed","template":"","meta":{"footnotes":""},"yoast_head":"<!-- This site is optimized with the Yoast SEO plugin v21.9.1 - https:\/\/yoast.com\/wordpress\/plugins\/seo\/ -->\n<title>Konstanze Agatz-Kr\u00f6ger | Show Calling | Live Event Regie - Konstanze Agatz-Kr\u00f6ger | Show Calling - Show Production - Content Management<\/title>\n<meta name=\"description\" content=\"Sie planen eine Show oder Live Performance? Und nun haben Sie alle Spezialisten an Board, aber Sie ben\u00f6tigen jemanden, der alle Experten zu einem Team zusammenf\u00fchrt? Dann ben\u00f6tigen Sie eine Ablaufregisseurin!\" \/>\n<meta name=\"robots\" content=\"index, follow, max-snippet:-1, max-image-preview:large, max-video-preview:-1\" \/>\n<link rel=\"canonical\" href=\"https:\/\/showcalling.com\/de\/\" \/>\n<meta property=\"og:locale\" content=\"de_DE\" \/>\n<meta property=\"og:type\" content=\"article\" \/>\n<meta property=\"og:title\" content=\"Konstanze Agatz-Kr\u00f6ger | Show Calling | Live Event Regie - Konstanze Agatz-Kr\u00f6ger | Show Calling - Show Production - Content Management\" \/>\n<meta property=\"og:description\" content=\"Sie planen eine Show oder Live Performance? Und nun haben Sie alle Spezialisten an Board, aber Sie ben\u00f6tigen jemanden, der alle Experten zu einem Team zusammenf\u00fchrt? Dann ben\u00f6tigen Sie eine Ablaufregisseurin!\" \/>\n<meta property=\"og:url\" content=\"https:\/\/showcalling.com\/de\/\" \/>\n<meta property=\"og:site_name\" content=\"Konstanze Agatz-Kr\u00f6ger | Show Calling - Show Production - Content Management\" \/>\n<meta property=\"article:modified_time\" content=\"2022-08-23T09:56:28+00:00\" \/>\n<meta name=\"twitter:card\" content=\"summary_large_image\" \/>\n<script type=\"application\/ld+json\" class=\"yoast-schema-graph\">{\"@context\":\"https:\/\/schema.org\",\"@graph\":[{\"@type\":\"WebPage\",\"@id\":\"https:\/\/showcalling.com\/de\/\",\"url\":\"https:\/\/showcalling.com\/de\/\",\"name\":\"Konstanze Agatz-Kr\u00f6ger | Show Calling | Live Event Regie - Konstanze Agatz-Kr\u00f6ger | Show Calling - Show Production - Content Management\",\"isPartOf\":{\"@id\":\"https:\/\/showcalling.com\/#website\"},\"datePublished\":\"2015-12-01T22:18:49+00:00\",\"dateModified\":\"2022-08-23T09:56:28+00:00\",\"description\":\"Sie planen eine Show oder Live Performance? Und nun haben Sie alle Spezialisten an Board, aber Sie ben\u00f6tigen jemanden, der alle Experten zu einem Team zusammenf\u00fchrt? Dann ben\u00f6tigen Sie eine Ablaufregisseurin!\",\"breadcrumb\":{\"@id\":\"https:\/\/showcalling.com\/de\/#breadcrumb\"},\"inLanguage\":\"de\",\"potentialAction\":[{\"@type\":\"ReadAction\",\"target\":[\"https:\/\/showcalling.com\/de\/\"]}]},{\"@type\":\"BreadcrumbList\",\"@id\":\"https:\/\/showcalling.com\/de\/#breadcrumb\",\"itemListElement\":[{\"@type\":\"ListItem\",\"position\":1,\"name\":\"Home\",\"item\":\"https:\/\/showcalling.com\/de\/\"},{\"@type\":\"ListItem\",\"position\":2,\"name\":\"Konstanze Agatz-Kr\u00f6ger | Show Calling | Live Event Regie\"}]},{\"@type\":\"WebSite\",\"@id\":\"https:\/\/showcalling.com\/#website\",\"url\":\"https:\/\/showcalling.com\/\",\"name\":\"Konstanze Agatz-Kr\u00f6ger | Show Calling - Show Production - Content Management\",\"description\":\"\",\"potentialAction\":[{\"@type\":\"SearchAction\",\"target\":{\"@type\":\"EntryPoint\",\"urlTemplate\":\"https:\/\/showcalling.com\/?s={search_term_string}\"},\"query-input\":\"required name=search_term_string\"}],\"inLanguage\":\"de\"}]}<\/script>\n<!-- \/ Yoast SEO plugin. -->","yoast_head_json":{"title":"Konstanze Agatz-Kr\u00f6ger | Show Calling | Live Event Regie - Konstanze Agatz-Kr\u00f6ger | Show Calling - Show Production - Content Management","description":"Sie planen eine Show oder Live Performance? Und nun haben Sie alle Spezialisten an Board, aber Sie ben\u00f6tigen jemanden, der alle Experten zu einem Team zusammenf\u00fchrt? Dann ben\u00f6tigen Sie eine Ablaufregisseurin!","robots":{"index":"index","follow":"follow","max-snippet":"max-snippet:-1","max-image-preview":"max-image-preview:large","max-video-preview":"max-video-preview:-1"},"canonical":"https:\/\/showcalling.com\/de\/","og_locale":"de_DE","og_type":"article","og_title":"Konstanze Agatz-Kr\u00f6ger | Show Calling | Live Event Regie - Konstanze Agatz-Kr\u00f6ger | Show Calling - Show Production - Content Management","og_description":"Sie planen eine Show oder Live Performance? Und nun haben Sie alle Spezialisten an Board, aber Sie ben\u00f6tigen jemanden, der alle Experten zu einem Team zusammenf\u00fchrt? Dann ben\u00f6tigen Sie eine Ablaufregisseurin!","og_url":"https:\/\/showcalling.com\/de\/","og_site_name":"Konstanze Agatz-Kr\u00f6ger | Show Calling - Show Production - Content Management","article_modified_time":"2022-08-23T09:56:28+00:00","twitter_card":"summary_large_image","schema":{"@context":"https:\/\/schema.org","@graph":[{"@type":"WebPage","@id":"https:\/\/showcalling.com\/de\/","url":"https:\/\/showcalling.com\/de\/","name":"Konstanze Agatz-Kr\u00f6ger | Show Calling | Live Event Regie - Konstanze Agatz-Kr\u00f6ger | Show Calling - Show Production - Content Management","isPartOf":{"@id":"https:\/\/showcalling.com\/#website"},"datePublished":"2015-12-01T22:18:49+00:00","dateModified":"2022-08-23T09:56:28+00:00","description":"Sie planen eine Show oder Live Performance? Und nun haben Sie alle Spezialisten an Board, aber Sie ben\u00f6tigen jemanden, der alle Experten zu einem Team zusammenf\u00fchrt? Dann ben\u00f6tigen Sie eine Ablaufregisseurin!","breadcrumb":{"@id":"https:\/\/showcalling.com\/de\/#breadcrumb"},"inLanguage":"de","potentialAction":[{"@type":"ReadAction","target":["https:\/\/showcalling.com\/de\/"]}]},{"@type":"BreadcrumbList","@id":"https:\/\/showcalling.com\/de\/#breadcrumb","itemListElement":[{"@type":"ListItem","position":1,"name":"Home","item":"https:\/\/showcalling.com\/de\/"},{"@type":"ListItem","position":2,"name":"Konstanze Agatz-Kr\u00f6ger | Show Calling | Live Event Regie"}]},{"@type":"WebSite","@id":"https:\/\/showcalling.com\/#website","url":"https:\/\/showcalling.com\/","name":"Konstanze Agatz-Kr\u00f6ger | Show Calling - Show Production - Content Management","description":"","potentialAction":[{"@type":"SearchAction","target":{"@type":"EntryPoint","urlTemplate":"https:\/\/showcalling.com\/?s={search_term_string}"},"query-input":"required name=search_term_string"}],"inLanguage":"de"}]}},"_links":{"self":[{"href":"https:\/\/showcalling.com\/de\/wp-json\/wp\/v2\/pages\/264"}],"collection":[{"href":"https:\/\/showcalling.com\/de\/wp-json\/wp\/v2\/pages"}],"about":[{"href":"https:\/\/showcalling.com\/de\/wp-json\/wp\/v2\/types\/page"}],"author":[{"embeddable":true,"href":"https:\/\/showcalling.com\/de\/wp-json\/wp\/v2\/users\/1"}],"replies":[{"embeddable":true,"href":"https:\/\/showcalling.com\/de\/wp-json\/wp\/v2\/comments?post=264"}],"version-history":[{"count":5,"href":"https:\/\/showcalling.com\/de\/wp-json\/wp\/v2\/pages\/264\/revisions"}],"predecessor-version":[{"id":414,"href":"https:\/\/showcalling.com\/de\/wp-json\/wp\/v2\/pages\/264\/revisions\/414"}],"wp:attachment":[{"href":"https:\/\/showcalling.com\/de\/wp-json\/wp\/v2\/media?parent=264"}],"curies":[{"name":"wp","href":"https:\/\/api.w.org\/{rel}","templated":true}]}}