{"id":274,"date":"2015-11-28T21:07:58","date_gmt":"2015-11-28T20:07:58","guid":{"rendered":"http:\/\/fjellfras.com\/konstanze\/legal-notice\/?lang=de"},"modified":"2022-08-23T11:55:21","modified_gmt":"2022-08-23T09:55:21","slug":"legal-notice","status":"publish","type":"page","link":"https:\/\/showcalling.com\/de\/legal-notice\/","title":{"rendered":"Impressum"},"content":{"rendered":"<p>Angaben gem\u00e4\u00df<span class=\"b2\"> \u00a7<\/span><span class=\"b3\">\u00a05\u00a0<\/span><span class=\"b4\">TMG<\/span>:<\/p>\n<h2 style=\"text-align: left;\">Konstanze Agatz-Kr\u00f6ger<\/h2>\n<p style=\"text-align: left;\">Show Calling, Content Consulting, Ablaufregie, Event &amp;\u00a0Konzeption<\/p>\n<p>Inhaltlich verantwortlich:<\/p>\n<p style=\"text-align: left;\">Konstanze Agatz-Kr\u00f6ger<br \/>\nSonnenburger Stra\u00dfe 70<br \/>\nD-10437 Berlin<\/p>\n<p style=\"text-align: left;\">Mobil:\u00a0 +49(0)172.69.60.972<br \/>\nE-Mail: <a href=\"mailto:konstanze.agatz@koma.ag\">konstanze.agatz@koma.ag<\/a><\/p>\n<p>Umsatzsteuer-ID-Nummer: DE247396635<\/p>\n<h3 style=\"text-align: left;\">Konzept, Design und Umsetzung der Website:<\/h3>\n<p style=\"text-align: left;\"><a href=\"http:\/\/www.fjellfras.com\/\" target=\"_blank\" rel=\"noopener noreferrer\">fjellfras \u2013 Studio f\u00fcr Bewegtbild und Kommunikation<\/a><\/p>\n<h3 style=\"text-align: left;\">Fotos:<\/h3>\n<p style=\"text-align: left;\">Portraits: <a href=\"http:\/\/www.fotoscout.de\" target=\"_blank\" rel=\"noopener noreferrer\">Tim Deussen<\/a>\u00a0und\u00a0<a href=\"http:\/\/www.knowledgeslam.de\" target=\"_blank\" rel=\"noopener noreferrer\">Miriam Jakobs<\/a><br \/>\nEventfotos:\u00a0<a href=\"http:\/\/www.ralph-larmann.format.com\" target=\"_blank\" rel=\"noopener noreferrer\">Ralph\u00a0Larmann<\/a>,\u00a0Matthias Hornung und Konstanze Agatz<\/p>\n<h3 style=\"text-align: left;\">Disclaimer<\/h3>\n<p><strong>Haftung f\u00fcr Inhalte<\/strong><\/p>\n<p>Die Inhalte unserer Seiten wurden mit gr\u00f6\u00dfter Sorgfalt erstellt. F\u00fcr die Richtigkeit, Vollst\u00e4ndigkeit und Aktualit\u00e4t der Inhalte k\u00f6nnen wir jedoch keine Gew\u00e4hr \u00fcbernehmen. Als Diensteanbieter sind wir gem\u00e4\u00df \u00a7 7 Abs.1 TMG f\u00fcr eigene Inhalte auf diesen Seiten nach den allgemeinen Gesetzen verantwortlich. Nach \u00a7\u00a7 8 bis 10 TMG sind wir als Diensteanbieter jedoch nicht verpflichtet, \u00fcbermittelte oder gespeicherte fremde Informationen zu \u00fcberwachen oder nach Umst\u00e4nden zu forschen, die auf eine rechtswidrige T\u00e4tigkeit hinweisen. Verpflichtungen zur Entfernung oder Sperrung der Nutzung von Informationen nach den allgemeinen Gesetzen bleiben hiervon unber\u00fchrt. Eine diesbez\u00fcgliche Haftung ist jedoch erst ab dem Zeitpunkt der Kenntnis einer konkreten Rechtsverletzung m\u00f6glich. Bei Bekanntwerden von entsprechenden Rechtsverletzungen werden wir diese Inhalte umgehend entfernen.<\/p>\n<p><strong>Haftung f\u00fcr Links<\/strong><\/p>\n<p>Unser Angebot enth\u00e4lt Links zu externen Webseiten Dritter, auf deren Inhalte wir keinen Einfluss haben. Deshalb k\u00f6nnen wir f\u00fcr diese fremden Inhalte auch keine Gew\u00e4hr \u00fcbernehmen. F\u00fcr die Inhalte der verlinkten Seiten ist stets der jeweilige Anbieter oder Betreiber der Seiten verantwortlich. Die verlinkten Seiten wurden zum Zeitpunkt der Verlinkung auf m\u00f6gliche Rechtsverst\u00f6\u00dfe \u00fcberpr\u00fcft. Rechtswidrige Inhalte waren zum Zeitpunkt der Verlinkung nicht erkennbar. Eine permanente inhaltliche Kontrolle der verlinkten Seiten ist jedoch ohne konkrete Anhaltspunkte einer Rechtsverletzung nicht zumutbar. Bei Bekanntwerden von Rechtsverletzungen werden wir derartige Links umgehend entfernen.<\/p>\n<p><strong>Urheberrecht<\/strong><\/p>\n<p>Die durch die Seitenbetreiber erstellten Inhalte und Werke auf diesen Seiten unterliegen dem deutschen Urheberrecht. Die Vervielf\u00e4ltigung, Bearbeitung, Verbreitung und jede Art der Verwertung au\u00dferhalb der Grenzen des Urheberrechtes bed\u00fcrfen der schriftlichen Zustimmung des jeweiligen Autors bzw. Erstellers. Downloads und Kopien dieser Seite sind nur f\u00fcr den privaten, nicht kommerziellen Gebrauch gestattet. Soweit die Inhalte auf dieser Seite nicht vom Betreiber erstellt wurden, werden die Urheberrechte Dritter beachtet. Insbesondere werden Inhalte Dritter als solche gekennzeichnet. Sollten Sie trotzdem auf eine Urheberrechtsverletzung aufmerksam werden, bitten wir um einen entsprechenden Hinweis. Bei Bekanntwerden von Rechtsverletzungen werden wir derartige Inhalte umgehend entfernen.<\/p>\n<p>&nbsp;<\/p>\n","protected":false},"excerpt":{"rendered":"<p>Angaben gem\u00e4\u00df \u00a7\u00a05\u00a0TMG: Konstanze Agatz-Kr\u00f6ger Show Calling, Content Consulting, Ablaufregie, Event &amp;\u00a0Konzeption Inhaltlich verantwortlich: Konstanze Agatz-Kr\u00f6ger Sonnenburger Stra\u00dfe 70 D-10437 Berlin Mobil:\u00a0 +49(0)172.69.60.972 E-Mail: konstanze.agatz@koma.ag Umsatzsteuer-ID-Nummer: DE247396635 Konzept, Design und Umsetzung der Website: fjellfras \u2013 Studio f\u00fcr Bewegtbild und Kommunikation Fotos: Portraits: Tim Deussen\u00a0und\u00a0Miriam Jakobs Eventfotos:\u00a0Ralph\u00a0Larmann,\u00a0Matthias Hornung und Konstanze Agatz Disclaimer Haftung f\u00fcr Inhalte Die &hellip; <a href=\"https:\/\/showcalling.com\/de\/legal-notice\/\" class=\"more-link\"><span class=\"screen-reader-text\">Impressum<\/span> weiterlesen<\/a><\/p>\n","protected":false},"author":1,"featured_media":0,"parent":0,"menu_order":0,"comment_status":"closed","ping_status":"open","template":"","meta":{"footnotes":""},"yoast_head":"<!-- This site is optimized with the Yoast SEO plugin v21.9.1 - https:\/\/yoast.com\/wordpress\/plugins\/seo\/ -->\n<title>Impressum - Konstanze Agatz-Kr\u00f6ger | Show Calling - Show Production - Content Management<\/title>\n<meta name=\"robots\" content=\"index, follow, max-snippet:-1, max-image-preview:large, max-video-preview:-1\" \/>\n<link rel=\"canonical\" href=\"https:\/\/showcalling.com\/de\/legal-notice\/\" \/>\n<meta property=\"og:locale\" content=\"de_DE\" \/>\n<meta property=\"og:type\" content=\"article\" \/>\n<meta property=\"og:title\" content=\"Impressum - Konstanze Agatz-Kr\u00f6ger | Show Calling - Show Production - Content Management\" \/>\n<meta property=\"og:description\" content=\"Angaben gem\u00e4\u00df \u00a7\u00a05\u00a0TMG: Konstanze Agatz-Kr\u00f6ger Show Calling, Content Consulting, Ablaufregie, Event &amp;\u00a0Konzeption Inhaltlich verantwortlich: Konstanze Agatz-Kr\u00f6ger Sonnenburger Stra\u00dfe 70 D-10437 Berlin Mobil:\u00a0 +49(0)172.69.60.972 E-Mail: konstanze.agatz@koma.ag Umsatzsteuer-ID-Nummer: DE247396635 Konzept, Design und Umsetzung der Website: fjellfras \u2013 Studio f\u00fcr Bewegtbild und Kommunikation Fotos: Portraits: Tim Deussen\u00a0und\u00a0Miriam Jakobs Eventfotos:\u00a0Ralph\u00a0Larmann,\u00a0Matthias Hornung und Konstanze Agatz Disclaimer Haftung f\u00fcr Inhalte Die &hellip; Impressum weiterlesen\" \/>\n<meta property=\"og:url\" content=\"https:\/\/showcalling.com\/de\/legal-notice\/\" \/>\n<meta property=\"og:site_name\" content=\"Konstanze Agatz-Kr\u00f6ger | Show Calling - Show Production - Content Management\" \/>\n<meta property=\"article:modified_time\" content=\"2022-08-23T09:55:21+00:00\" \/>\n<meta name=\"twitter:card\" content=\"summary_large_image\" \/>\n<meta name=\"twitter:label1\" content=\"Gesch\u00e4tzte Lesezeit\" \/>\n\t<meta name=\"twitter:data1\" content=\"2\u00a0Minuten\" \/>\n<script type=\"application\/ld+json\" class=\"yoast-schema-graph\">{\"@context\":\"https:\/\/schema.org\",\"@graph\":[{\"@type\":\"WebPage\",\"@id\":\"https:\/\/showcalling.com\/de\/legal-notice\/\",\"url\":\"https:\/\/showcalling.com\/de\/legal-notice\/\",\"name\":\"Impressum - Konstanze Agatz-Kr\u00f6ger | Show Calling - Show Production - Content Management\",\"isPartOf\":{\"@id\":\"https:\/\/showcalling.com\/#website\"},\"datePublished\":\"2015-11-28T20:07:58+00:00\",\"dateModified\":\"2022-08-23T09:55:21+00:00\",\"breadcrumb\":{\"@id\":\"https:\/\/showcalling.com\/de\/legal-notice\/#breadcrumb\"},\"inLanguage\":\"de\",\"potentialAction\":[{\"@type\":\"ReadAction\",\"target\":[\"https:\/\/showcalling.com\/de\/legal-notice\/\"]}]},{\"@type\":\"BreadcrumbList\",\"@id\":\"https:\/\/showcalling.com\/de\/legal-notice\/#breadcrumb\",\"itemListElement\":[{\"@type\":\"ListItem\",\"position\":1,\"name\":\"Home\",\"item\":\"https:\/\/showcalling.com\/de\/\"},{\"@type\":\"ListItem\",\"position\":2,\"name\":\"Impressum\"}]},{\"@type\":\"WebSite\",\"@id\":\"https:\/\/showcalling.com\/#website\",\"url\":\"https:\/\/showcalling.com\/\",\"name\":\"Konstanze Agatz-Kr\u00f6ger | Show Calling - Show Production - Content Management\",\"description\":\"\",\"potentialAction\":[{\"@type\":\"SearchAction\",\"target\":{\"@type\":\"EntryPoint\",\"urlTemplate\":\"https:\/\/showcalling.com\/?s={search_term_string}\"},\"query-input\":\"required name=search_term_string\"}],\"inLanguage\":\"de\"}]}<\/script>\n<!-- \/ Yoast SEO plugin. -->","yoast_head_json":{"title":"Impressum - Konstanze Agatz-Kr\u00f6ger | Show Calling - Show Production - Content Management","robots":{"index":"index","follow":"follow","max-snippet":"max-snippet:-1","max-image-preview":"max-image-preview:large","max-video-preview":"max-video-preview:-1"},"canonical":"https:\/\/showcalling.com\/de\/legal-notice\/","og_locale":"de_DE","og_type":"article","og_title":"Impressum - Konstanze Agatz-Kr\u00f6ger | Show Calling - Show Production - Content Management","og_description":"Angaben gem\u00e4\u00df \u00a7\u00a05\u00a0TMG: Konstanze Agatz-Kr\u00f6ger Show Calling, Content Consulting, Ablaufregie, Event &amp;\u00a0Konzeption Inhaltlich verantwortlich: Konstanze Agatz-Kr\u00f6ger Sonnenburger Stra\u00dfe 70 D-10437 Berlin Mobil:\u00a0 +49(0)172.69.60.972 E-Mail: konstanze.agatz@koma.ag Umsatzsteuer-ID-Nummer: DE247396635 Konzept, Design und Umsetzung der Website: fjellfras \u2013 Studio f\u00fcr Bewegtbild und Kommunikation Fotos: Portraits: Tim Deussen\u00a0und\u00a0Miriam Jakobs Eventfotos:\u00a0Ralph\u00a0Larmann,\u00a0Matthias Hornung und Konstanze Agatz Disclaimer Haftung f\u00fcr Inhalte Die &hellip; Impressum weiterlesen","og_url":"https:\/\/showcalling.com\/de\/legal-notice\/","og_site_name":"Konstanze Agatz-Kr\u00f6ger | Show Calling - Show Production - Content Management","article_modified_time":"2022-08-23T09:55:21+00:00","twitter_card":"summary_large_image","twitter_misc":{"Gesch\u00e4tzte Lesezeit":"2\u00a0Minuten"},"schema":{"@context":"https:\/\/schema.org","@graph":[{"@type":"WebPage","@id":"https:\/\/showcalling.com\/de\/legal-notice\/","url":"https:\/\/showcalling.com\/de\/legal-notice\/","name":"Impressum - Konstanze Agatz-Kr\u00f6ger | Show Calling - Show Production - Content Management","isPartOf":{"@id":"https:\/\/showcalling.com\/#website"},"datePublished":"2015-11-28T20:07:58+00:00","dateModified":"2022-08-23T09:55:21+00:00","breadcrumb":{"@id":"https:\/\/showcalling.com\/de\/legal-notice\/#breadcrumb"},"inLanguage":"de","potentialAction":[{"@type":"ReadAction","target":["https:\/\/showcalling.com\/de\/legal-notice\/"]}]},{"@type":"BreadcrumbList","@id":"https:\/\/showcalling.com\/de\/legal-notice\/#breadcrumb","itemListElement":[{"@type":"ListItem","position":1,"name":"Home","item":"https:\/\/showcalling.com\/de\/"},{"@type":"ListItem","position":2,"name":"Impressum"}]},{"@type":"WebSite","@id":"https:\/\/showcalling.com\/#website","url":"https:\/\/showcalling.com\/","name":"Konstanze Agatz-Kr\u00f6ger | Show Calling - Show Production - Content Management","description":"","potentialAction":[{"@type":"SearchAction","target":{"@type":"EntryPoint","urlTemplate":"https:\/\/showcalling.com\/?s={search_term_string}"},"query-input":"required name=search_term_string"}],"inLanguage":"de"}]}},"_links":{"self":[{"href":"https:\/\/showcalling.com\/de\/wp-json\/wp\/v2\/pages\/274"}],"collection":[{"href":"https:\/\/showcalling.com\/de\/wp-json\/wp\/v2\/pages"}],"about":[{"href":"https:\/\/showcalling.com\/de\/wp-json\/wp\/v2\/types\/page"}],"author":[{"embeddable":true,"href":"https:\/\/showcalling.com\/de\/wp-json\/wp\/v2\/users\/1"}],"replies":[{"embeddable":true,"href":"https:\/\/showcalling.com\/de\/wp-json\/wp\/v2\/comments?post=274"}],"version-history":[{"count":8,"href":"https:\/\/showcalling.com\/de\/wp-json\/wp\/v2\/pages\/274\/revisions"}],"predecessor-version":[{"id":412,"href":"https:\/\/showcalling.com\/de\/wp-json\/wp\/v2\/pages\/274\/revisions\/412"}],"wp:attachment":[{"href":"https:\/\/showcalling.com\/de\/wp-json\/wp\/v2\/media?parent=274"}],"curies":[{"name":"wp","href":"https:\/\/api.w.org\/{rel}","templated":true}]}}