{"id":330,"date":"2018-05-09T16:54:20","date_gmt":"2018-05-09T14:54:20","guid":{"rendered":"http:\/\/showcalling.com\/de\/?page_id=330"},"modified":"2018-06-04T15:31:56","modified_gmt":"2018-06-04T13:31:56","slug":"privacy","status":"publish","type":"page","link":"https:\/\/showcalling.com\/de\/privacy\/","title":{"rendered":"Datenschutzerkl\u00e4rung"},"content":{"rendered":"<p>Willkommen auf showcalling.com, der Webpr\u00e4senz der Ablaufregisseurin Konstanze Agatz. \u2028\u2028In dieser Datenschutzerkl\u00e4rung informiere ich die Nutzer meiner Website gem\u00e4\u00df Datenschutzgrundverordnung (DSGVO), Bundesdatenschutzgesetz (BDSG) und Telemediengesetz (TMG) \u00fcber die Art, den Umfang und Zweck der Erhebung und Verwendung personenbezogener Daten durch mich, der Websitebetreiberin, Konstanze Agatz (im Folgenden: Websitebetreiber). Zudem erl\u00e4utere ich die Rechte, die Nutzer dieser Website bez\u00fcglich der Speicherung und Verwendung ihrer pers\u00f6nlichen Daten haben.<\/p>\n<p>Bitte lesen Sie daher diese Datenschutzerkl\u00e4rung sorgf\u00e4ltig.<\/p>\n<p><strong>1. Geltungsbereich<\/strong><\/p>\n<p>Ich nehme den Datenschutz sehr ernst und behandele Ihre personenbezogenen Daten vertraulich, zweckgebunden und entsprechend der gesetzlichen Vorschriften. Ich erhebe und verwende Ihre personenbezogenen Daten ausschlie\u00dflich im Rahmen der Bestimmungen des Datenschutzrechts der Bundesrepublik Deutschland bzw. der Europ\u00e4ischen Union.<\/p>\n<p>Es wird von dieser Website auf andere Internetseiten, die \u00fcber eigene Datenschutzerkl\u00e4rungen verf\u00fcgen, verlinkt. Um diese zu \u00fcberpr\u00fcfen, sollten Sie die Website des jeweiligen Angebots aufsuchen und sich bei Bedarf direkt an den jeweiligen Anbieter wenden.<br \/>\nIch kann keine Verantwortung f\u00fcr die Inhalte oder f\u00fcr die Datenschutzerkl\u00e4rung der externen Ressourcen \u00fcbernehmen. F\u00fcr die Inhalte externer Links sind ausschlie\u00dflich deren Betreiber verantwortlich.<\/p>\n<p>Im Folgenden erl\u00e4utere ich Ihnen, welche Informationen w\u00e4hrend Ihres Besuchs auf den Seiten dieser Webpr\u00e4senz erfasst und wie diese genutzt werden:<\/p>\n<p><strong>\u20282. Datenerfassung ggf. personenbezogener Daten<\/strong><\/p>\n<p>Bei jedem Abruf durch einen Nutzer auf eine Ressource aus dieser Website werden Daten \u00fcber diesen Vorgang in einer Protokolldatei gespeichert. Der Websitebetreiber erhebt Daten \u00fcber Zugriffe auf die Seite und speichert diese als \u201eServer-Logfiles\u201c ab. Folgende Daten werden so protokolliert:<br \/>\n&#8211; besuchte Webseite (d. h. Unterseite unserer Website)<br \/>\n&#8211; Uhrzeit zum Zeitpunkt des Zugriffes<br \/>\n&#8211; Menge der gesendeten Daten in Byte<br \/>\n&#8211; Quelle\/Verweis, von welchem Server Sie auf die Seite gelangten<br \/>\n&#8211; verwendeter Browser<br \/>\n&#8211; verwendetes Betriebssystem<br \/>\n&#8211; anonymisierte IP-Adresse<\/p>\n<p>Diese Daten werden getrennt von anderen Daten, die Sie im Rahmen der Nutzung meines Angebotes eingeben, gespeichert.<\/p>\n<p>Eine Zuordnung dieser Daten zu einer bestimmten Person, d. h. die Identifizierung der Person, ist mir durch die Anonymisierung der IP-Adresse nicht m\u00f6glich. Dar\u00fcberhinausgehende personenbezogene Angaben, wie Ihr Name, Ihre Anschrift, Telefonnummer oder E-Mail-Adresse werden nicht erfasst.<\/p>\n<p><strong>3. Umgang mit Kontaktdaten<\/strong><\/p>\n<p>Nehmen Sie mit dem Websitebetreiber durch die angebotenen Kontaktm\u00f6glichkeiten, z. B. \u00fcber das Kontaktformular, Verbindung auf, werden Ihre freiwilligen Angaben zweckm\u00e4\u00dfig gespeichert, damit auf diese zur Bearbeitung und Beantwortung Ihrer Anfrage zur\u00fcckgegriffen werden kann.<\/p>\n<p><strong>4. Kontaktformular\u2028\u2028<\/strong><\/p>\n<p>Auf dieser Website gibt es die M\u00f6glichkeit, ein Kontaktformular zu nutzen. Hierf\u00fcr m\u00fcssen Sie lediglich Ihre E-Mail-Adresse eingeben. Weitere Angaben sind freiwillig.<\/p>\n<p>S\u00e4mtliche\u00a0pers\u00f6nliche Daten und Informationen, die \u00fcber\u00a0dieses Online-Formular erhoben und \u00fcbermittelt werden, werden von dem Websitebetreiber nur zur Bearbeitung der darin \u00fcbermittelten Anfrage und\/oder Abwicklung des damit ggf. erteilten Auftrags verwendet, gespeichert und\/oder weitergeleitet.<\/p>\n<p>Die Einwilligung zur Speicherung der personenbezogenen Daten kann jedoch jederzeit widerrufen werden.<\/p>\n<p><strong>5. Nutzung und Weitergabe personenbezogener Daten<\/strong><\/p>\n<p>Soweit Sie mir personenbezogene Daten zur Verf\u00fcgung gestellt haben, verwende ich diese ausschlie\u00dflich zum Zweck der technischen Administration dieser Website und zur Erf\u00fcllung Ihrer W\u00fcnsche und Anforderungen, insbesondere zur Terminabwicklung oder zur Beantwortung Ihrer Anfrage.<br \/>\nEine Weitergabe, ein Verkauf oder sonstige \u00dcbermittlung Ihrer personenbezogenen Daten an Dritte erfolgt nicht, es sei denn, dass dies zum Zwecke der Vertragsabwicklung oder zu Abrechnungszwecken erforderlich ist und\/oder Sie der Daten\u00fcbermittlung zuvor eingewilligt haben.<br \/>\nSie haben das Recht, eine solche Einwilligung mit Wirkung f\u00fcr die Zukunft jederzeit zu widerrufen. Die L\u00f6schung der personenbezogenen Daten erfolgt, wenn Sie Ihre Einwilligung zur Speicherung widerrufen, wenn die Datenkenntnis zur Erf\u00fcllung des mit der Speicherung verfolgten Zwecks nicht mehr erforderlich ist oder ihre Speicherung aus sonstigen gesetzlichen Gr\u00fcnden unzul\u00e4ssig ist.<\/p>\n<p><strong>6. Cookies<\/strong><\/p>\n<p>Auf den Seiten dieses Webauftritts werden Cookies genutzt. Cookies sind kleine Textdateien, die auf Ihrem Endger\u00e4t gespeichert und ausgelesen werden k\u00f6nnen.<\/p>\n<p>Cookies k\u00f6nnen Daten enthalten, die eine Wiedererkennung des genutzten Ger\u00e4ts m\u00f6glich machen. Teilweise enthalten Cookies aber auch lediglich Informationen zu bestimmten Einstellungen, die nicht personenbeziehbar sind.<\/p>\n<p>Der Websitebetreiber verarbeitet die in den Cookies enthaltenen Informationen auf Grundlage von Art. 6 Abs. 1 S.1 lit. f DSGVO zu dem Zweck, diesen Webauftritt nutzerfreundlich und funktionaler zu gestalten. Zudem werden sicherheitsrelevante Funktionen zum Schutz Ihrer Privatsph\u00e4re durch den Einsatz von Cookies erm\u00f6glicht.<\/p>\n<p>G\u00e4ngige Browser bieten die Einstellungsoption, dass Sie \u00fcber die Platzierung von Cookies informiert werden. So wird der Gebrauch von Cookies f\u00fcr Sie transparent. Sie k\u00f6nnen Cookies zudem jederzeit \u00fcber die entsprechende Browsereinstellung l\u00f6schen und das Setzen neuer Cookies blockieren. Bitte beachten Sie, dass diese Webseiten dann ggf. nicht optimal angezeigt werden und einige Funktionen technisch nicht mehr zur Verf\u00fcgung stehen.<\/p>\n<p><strong>7. Rechte des Nutzers<\/strong><\/p>\n<p>Als Nutzer dieser Website haben Sie bei der Verarbeitung Ihrer Daten folgende Rechte gem. DSGVO:<br \/>\nSie haben das Recht eine Best\u00e4tigung dar\u00fcber zu verlangen, ob Sie betreffende personen-bezogene Daten verarbeitet werden. Ist dies der Fall, so haben Sie ein Auskunftsrecht bez\u00fcglich dieser personenbezogenen Daten und den in Art. 15 DSGVO im einzelnen aufgef\u00fchrten Informationen.<br \/>\nSie haben das Recht, unverz\u00fcglich die Berichtigung von Sie betreffenden unrichtigen personen-bezogenen Daten und\/oder die Erg\u00e4nzung unvollst\u00e4ndiger personenbezogener Daten zu verlangen (Art. 16 DSGVO).<br \/>\nAu\u00dferdem haben Sie das Recht, zu verlangen, dass Sie betreffende personenbezogene Daten unverz\u00fcglich gel\u00f6scht werden, sofern einer der in Art. 17 DSGVO im einzelnen aufgef\u00fchrten Gr\u00fcnde zutrifft, z. B. wenn die Daten f\u00fcr die verfolgten Zwecke nicht mehr ben\u00f6tigt werden.<br \/>\nSie haben das Recht, die Einschr\u00e4nkung der Verarbeitung Ihrer Daten zu verlangen, wenn eine der in Art. 18 DSGVO aufgef\u00fchrten Voraussetzungen gegeben ist.<br \/>\nIn bestimmten F\u00e4llen haben Sie gem. Art. 20 DSGVO das Recht, die Sie betreffenden personenbezogenen Daten in einem strukturierten, g\u00e4ngigen und maschinenlesbaren Format zu erhalten bzw. die \u00dcbermittlung dieser Daten an einen Dritten zu verlangen.<br \/>\nWerden Daten auf Grundlage von Art. 6 Abs. 1 lit. f erhoben (Datenverarbeitung zur Wahrung berechtigter Interessen), steht Ihnen gem. Art. 21 DSGVO das Recht zu, aus Gr\u00fcnden, die sich aus Ihrer besonderen Situation ergeben, jederzeit gegen die Verarbeitung Widerspruch einzulegen.<br \/>\nWir werden die personenbezogenen Daten dann nicht mehr verarbeiten, es sei denn, es liegen nachweisbar zwingende schutzw\u00fcrdige Gr\u00fcnde f\u00fcr die Verarbeitung vor, die die Interessen, Rechte und Freiheiten der betroffenen Person \u00fcberwiegen, oder die Verarbeitung dient der Geltendmachung, Aus\u00fcbung oder Verteidigung von Rechtsanspr\u00fcchen.<br \/>\nSie haben gem. Art. 77 DSGVO das Recht auf Beschwerde bei einer Aufsichtsbeh\u00f6rde, wenn Sie der Ansicht sind, dass die Verarbeitung der Sie betreffenden Daten gegen datenschutzrechtliche Bestimmungen verst\u00f6\u00dft. Das Beschwerderecht kann insbesondere bei einer Aufsichtsbeh\u00f6rde in dem Mitgliedstaat Ihres Aufenthaltsorts, Ihres Arbeitsplatzes oder des Orts des mutma\u00dflichen Versto\u00dfes geltend gemacht werden.<\/p>\n<p><b>8. Datenschutzbeauftragter<\/b><\/p>\n<p>Der zust\u00e4ndige Datenschutzbeauftragte und damit Ansprechpartner zu allen Fragen rund um den Datenschutz und den Umgang mit Ihren pers\u00f6nlichen Daten ist Konstanze Agatz.<\/p>\n<p><strong>9. Einbeziehung, G\u00fcltigkeit und Aktualit\u00e4t der Datenschutzerkl\u00e4rung<\/strong><\/p>\n<p>Die Datenschutzerkl\u00e4rung ist aktuell g\u00fcltig und datiert vom 16.05.2018.\u2028\u2028 Durch die Weiterentwicklung meiner Webseite oder die Implementierung neuer Technologien kann es notwendig werden, diese Datenschutzerkl\u00e4rung zu \u00e4ndern. Ich behalte mir vor, die Datenschutzerkl\u00e4rung mit Wirkung f\u00fcr die Zukunft zu \u00e4ndern und empfehle Ihnen, sich die aktuelle Datenschutzerkl\u00e4rung von Zeit zu Zeit erneut durchzulesen.<\/p>\n","protected":false},"excerpt":{"rendered":"<p>Willkommen auf showcalling.com, der Webpr\u00e4senz der Ablaufregisseurin Konstanze Agatz. \u2028\u2028In dieser Datenschutzerkl\u00e4rung informiere ich die Nutzer meiner Website gem\u00e4\u00df Datenschutzgrundverordnung (DSGVO), Bundesdatenschutzgesetz (BDSG) und Telemediengesetz (TMG) \u00fcber die Art, den Umfang und Zweck der Erhebung und Verwendung personenbezogener Daten durch mich, der Websitebetreiberin, Konstanze Agatz (im Folgenden: Websitebetreiber). Zudem erl\u00e4utere ich die Rechte, die Nutzer &hellip; <a href=\"https:\/\/showcalling.com\/de\/privacy\/\" class=\"more-link\"><span class=\"screen-reader-text\">Datenschutzerkl\u00e4rung<\/span> weiterlesen<\/a><\/p>\n","protected":false},"author":2,"featured_media":0,"parent":0,"menu_order":0,"comment_status":"closed","ping_status":"closed","template":"","meta":{"footnotes":""},"yoast_head":"<!-- This site is optimized with the Yoast SEO plugin v21.9.1 - https:\/\/yoast.com\/wordpress\/plugins\/seo\/ -->\n<title>Datenschutzerkl\u00e4rung - Konstanze Agatz-Kr\u00f6ger | Show Calling - Show Production - Content Management<\/title>\n<meta name=\"robots\" content=\"index, follow, max-snippet:-1, max-image-preview:large, max-video-preview:-1\" \/>\n<link rel=\"canonical\" href=\"https:\/\/showcalling.com\/de\/privacy\/\" \/>\n<meta property=\"og:locale\" content=\"de_DE\" \/>\n<meta property=\"og:type\" content=\"article\" \/>\n<meta property=\"og:title\" content=\"Datenschutzerkl\u00e4rung - Konstanze Agatz-Kr\u00f6ger | Show Calling - Show Production - Content Management\" \/>\n<meta property=\"og:description\" content=\"Willkommen auf showcalling.com, der Webpr\u00e4senz der Ablaufregisseurin Konstanze Agatz. \u2028\u2028In dieser Datenschutzerkl\u00e4rung informiere ich die Nutzer meiner Website gem\u00e4\u00df Datenschutzgrundverordnung (DSGVO), Bundesdatenschutzgesetz (BDSG) und Telemediengesetz (TMG) \u00fcber die Art, den Umfang und Zweck der Erhebung und Verwendung personenbezogener Daten durch mich, der Websitebetreiberin, Konstanze Agatz (im Folgenden: Websitebetreiber). Zudem erl\u00e4utere ich die Rechte, die Nutzer &hellip; Datenschutzerkl\u00e4rung weiterlesen\" \/>\n<meta property=\"og:url\" content=\"https:\/\/showcalling.com\/de\/privacy\/\" \/>\n<meta property=\"og:site_name\" content=\"Konstanze Agatz-Kr\u00f6ger | Show Calling - Show Production - Content Management\" \/>\n<meta property=\"article:modified_time\" content=\"2018-06-04T13:31:56+00:00\" \/>\n<meta name=\"twitter:card\" content=\"summary_large_image\" \/>\n<meta name=\"twitter:label1\" content=\"Gesch\u00e4tzte Lesezeit\" \/>\n\t<meta name=\"twitter:data1\" content=\"6\u00a0Minuten\" \/>\n<script type=\"application\/ld+json\" class=\"yoast-schema-graph\">{\"@context\":\"https:\/\/schema.org\",\"@graph\":[{\"@type\":\"WebPage\",\"@id\":\"https:\/\/showcalling.com\/de\/privacy\/\",\"url\":\"https:\/\/showcalling.com\/de\/privacy\/\",\"name\":\"Datenschutzerkl\u00e4rung - Konstanze Agatz-Kr\u00f6ger | Show Calling - Show Production - Content Management\",\"isPartOf\":{\"@id\":\"https:\/\/showcalling.com\/#website\"},\"datePublished\":\"2018-05-09T14:54:20+00:00\",\"dateModified\":\"2018-06-04T13:31:56+00:00\",\"breadcrumb\":{\"@id\":\"https:\/\/showcalling.com\/de\/privacy\/#breadcrumb\"},\"inLanguage\":\"de\",\"potentialAction\":[{\"@type\":\"ReadAction\",\"target\":[\"https:\/\/showcalling.com\/de\/privacy\/\"]}]},{\"@type\":\"BreadcrumbList\",\"@id\":\"https:\/\/showcalling.com\/de\/privacy\/#breadcrumb\",\"itemListElement\":[{\"@type\":\"ListItem\",\"position\":1,\"name\":\"Home\",\"item\":\"https:\/\/showcalling.com\/de\/\"},{\"@type\":\"ListItem\",\"position\":2,\"name\":\"Datenschutzerkl\u00e4rung\"}]},{\"@type\":\"WebSite\",\"@id\":\"https:\/\/showcalling.com\/#website\",\"url\":\"https:\/\/showcalling.com\/\",\"name\":\"Konstanze Agatz-Kr\u00f6ger | Show Calling - Show Production - Content Management\",\"description\":\"\",\"potentialAction\":[{\"@type\":\"SearchAction\",\"target\":{\"@type\":\"EntryPoint\",\"urlTemplate\":\"https:\/\/showcalling.com\/?s={search_term_string}\"},\"query-input\":\"required name=search_term_string\"}],\"inLanguage\":\"de\"}]}<\/script>\n<!-- \/ Yoast SEO plugin. -->","yoast_head_json":{"title":"Datenschutzerkl\u00e4rung - Konstanze Agatz-Kr\u00f6ger | Show Calling - Show Production - Content Management","robots":{"index":"index","follow":"follow","max-snippet":"max-snippet:-1","max-image-preview":"max-image-preview:large","max-video-preview":"max-video-preview:-1"},"canonical":"https:\/\/showcalling.com\/de\/privacy\/","og_locale":"de_DE","og_type":"article","og_title":"Datenschutzerkl\u00e4rung - Konstanze Agatz-Kr\u00f6ger | Show Calling - Show Production - Content Management","og_description":"Willkommen auf showcalling.com, der Webpr\u00e4senz der Ablaufregisseurin Konstanze Agatz. \u2028\u2028In dieser Datenschutzerkl\u00e4rung informiere ich die Nutzer meiner Website gem\u00e4\u00df Datenschutzgrundverordnung (DSGVO), Bundesdatenschutzgesetz (BDSG) und Telemediengesetz (TMG) \u00fcber die Art, den Umfang und Zweck der Erhebung und Verwendung personenbezogener Daten durch mich, der Websitebetreiberin, Konstanze Agatz (im Folgenden: Websitebetreiber). Zudem erl\u00e4utere ich die Rechte, die Nutzer &hellip; Datenschutzerkl\u00e4rung weiterlesen","og_url":"https:\/\/showcalling.com\/de\/privacy\/","og_site_name":"Konstanze Agatz-Kr\u00f6ger | Show Calling - Show Production - Content Management","article_modified_time":"2018-06-04T13:31:56+00:00","twitter_card":"summary_large_image","twitter_misc":{"Gesch\u00e4tzte Lesezeit":"6\u00a0Minuten"},"schema":{"@context":"https:\/\/schema.org","@graph":[{"@type":"WebPage","@id":"https:\/\/showcalling.com\/de\/privacy\/","url":"https:\/\/showcalling.com\/de\/privacy\/","name":"Datenschutzerkl\u00e4rung - Konstanze Agatz-Kr\u00f6ger | Show Calling - Show Production - Content Management","isPartOf":{"@id":"https:\/\/showcalling.com\/#website"},"datePublished":"2018-05-09T14:54:20+00:00","dateModified":"2018-06-04T13:31:56+00:00","breadcrumb":{"@id":"https:\/\/showcalling.com\/de\/privacy\/#breadcrumb"},"inLanguage":"de","potentialAction":[{"@type":"ReadAction","target":["https:\/\/showcalling.com\/de\/privacy\/"]}]},{"@type":"BreadcrumbList","@id":"https:\/\/showcalling.com\/de\/privacy\/#breadcrumb","itemListElement":[{"@type":"ListItem","position":1,"name":"Home","item":"https:\/\/showcalling.com\/de\/"},{"@type":"ListItem","position":2,"name":"Datenschutzerkl\u00e4rung"}]},{"@type":"WebSite","@id":"https:\/\/showcalling.com\/#website","url":"https:\/\/showcalling.com\/","name":"Konstanze Agatz-Kr\u00f6ger | Show Calling - Show Production - Content Management","description":"","potentialAction":[{"@type":"SearchAction","target":{"@type":"EntryPoint","urlTemplate":"https:\/\/showcalling.com\/?s={search_term_string}"},"query-input":"required name=search_term_string"}],"inLanguage":"de"}]}},"_links":{"self":[{"href":"https:\/\/showcalling.com\/de\/wp-json\/wp\/v2\/pages\/330"}],"collection":[{"href":"https:\/\/showcalling.com\/de\/wp-json\/wp\/v2\/pages"}],"about":[{"href":"https:\/\/showcalling.com\/de\/wp-json\/wp\/v2\/types\/page"}],"author":[{"embeddable":true,"href":"https:\/\/showcalling.com\/de\/wp-json\/wp\/v2\/users\/2"}],"replies":[{"embeddable":true,"href":"https:\/\/showcalling.com\/de\/wp-json\/wp\/v2\/comments?post=330"}],"version-history":[{"count":12,"href":"https:\/\/showcalling.com\/de\/wp-json\/wp\/v2\/pages\/330\/revisions"}],"predecessor-version":[{"id":358,"href":"https:\/\/showcalling.com\/de\/wp-json\/wp\/v2\/pages\/330\/revisions\/358"}],"wp:attachment":[{"href":"https:\/\/showcalling.com\/de\/wp-json\/wp\/v2\/media?parent=330"}],"curies":[{"name":"wp","href":"https:\/\/api.w.org\/{rel}","templated":true}]}}